{"id":578,"date":"2020-06-04T21:28:31","date_gmt":"2020-06-04T21:28:31","guid":{"rendered":"https:\/\/micrisordos.org\/?page_id=578"},"modified":"2020-06-22T21:58:05","modified_gmt":"2020-06-22T21:58:05","slug":"reunion-regulares","status":"publish","type":"page","link":"https:\/\/micrisordos.org\/?page_id=578","title":{"rendered":"Reuni\u00f3n regulares"},"content":{"rendered":"<p>[vc_row][vc_column][vc_cta h2=\u00bb\u00bb]Aparte de las reuniones que se realizan normalmente en nuestra iglesia, tenemos talleres exclusivos para los sordos. Esto es muy importante y necesario, ya que como hemos estado repitiendo en otros apartados de esta Web, los sordos necesitan expresar sus dudas e inquietudes en un entorno en el que se les pueda dar pie a esta participaci\u00f3n.<br \/>\nNuestro Ministerio tiene 2 reuniones espec\u00edficas \u00abde refuerzo\u00bb a la semana: los Martes a las 18,00 horas en Barcelona y los s\u00e1bados a partir de las 18,30 horas y tambi\u00e9n el domingo. Para m\u00e1s informaci\u00f3n env\u00eda un correo electr\u00f3nico a: micrisordos@gmail.com o un mensaje al 617271732.<\/p>\n<p>El Se\u00f1or nos est\u00e1 bendiciendo cada s\u00e1bado en las reuni\u00f3n de sordos. te invitamos a venir y participar.[\/vc_cta][\/vc_column][\/vc_row][vc_row][vc_column][vc_wp_text]<img loading=\"lazy\" decoding=\"async\" class=\"alignnone wp-image-676\" src=\"https:\/\/micrisordos.org\/wp-content\/uploads\/2020\/06\/Programa-Junio-2020-212x300.jpeg\" alt=\"\" width=\"347\" height=\"491\" srcset=\"https:\/\/micrisordos.org\/wp-content\/uploads\/2020\/06\/Programa-Junio-2020-212x300.jpeg 212w, https:\/\/micrisordos.org\/wp-content\/uploads\/2020\/06\/Programa-Junio-2020.jpeg 472w\" sizes=\"auto, (max-width: 347px) 100vw, 347px\" \/>\u00a0 \u00a0 <img loading=\"lazy\" decoding=\"async\" class=\"alignnone wp-image-680\" src=\"https:\/\/micrisordos.org\/wp-content\/uploads\/2020\/06\/Programa-Junio-2020-1-213x300.jpeg\" alt=\"\" width=\"348\" height=\"490\" srcset=\"https:\/\/micrisordos.org\/wp-content\/uploads\/2020\/06\/Programa-Junio-2020-1-213x300.jpeg 213w, https:\/\/micrisordos.org\/wp-content\/uploads\/2020\/06\/Programa-Junio-2020-1.jpeg 512w\" sizes=\"auto, (max-width: 348px) 100vw, 348px\" \/>\u00a0 \u00a0 <img loading=\"lazy\" decoding=\"async\" class=\"alignnone wp-image-681\" src=\"https:\/\/micrisordos.org\/wp-content\/uploads\/2020\/06\/Programa-Mayo-2020-211x300.jpeg\" alt=\"\" width=\"345\" height=\"490\" srcset=\"https:\/\/micrisordos.org\/wp-content\/uploads\/2020\/06\/Programa-Mayo-2020-211x300.jpeg 211w, https:\/\/micrisordos.org\/wp-content\/uploads\/2020\/06\/Programa-Mayo-2020.jpeg 496w\" sizes=\"auto, (max-width: 345px) 100vw, 345px\" \/>\u00a0 \u00a0 <img loading=\"lazy\" decoding=\"async\" class=\"alignnone wp-image-690\" src=\"https:\/\/micrisordos.org\/wp-content\/uploads\/2020\/06\/Programa-Junio-2020-2-212x300.jpeg\" alt=\"\" width=\"346\" height=\"489\" \/>\u00a0 \u00a0 <img loading=\"lazy\" decoding=\"async\" class=\"alignnone wp-image-691\" src=\"https:\/\/micrisordos.org\/wp-content\/uploads\/2020\/06\/Programa-Junio-2020-3-212x300.jpeg\" alt=\"\" width=\"347\" height=\"491\" srcset=\"https:\/\/micrisordos.org\/wp-content\/uploads\/2020\/06\/Programa-Junio-2020-3-212x300.jpeg 212w, https:\/\/micrisordos.org\/wp-content\/uploads\/2020\/06\/Programa-Junio-2020-3.jpeg 446w\" sizes=\"auto, (max-width: 347px) 100vw, 347px\" \/>[\/vc_wp_text][\/vc_column][\/vc_row]<\/p>\n","protected":false},"excerpt":{"rendered":"<p>[vc_row][vc_column][vc_cta h2=\u00bb\u00bb]Aparte de las reuniones que se realizan normalmente en nuestra iglesia, tenemos talleres exclusivos para los sordos. Esto es muy importante y necesario, ya que como hemos estado repitiendo en otros apartados de esta Web, los sordos necesitan expresar sus dudas e inquietudes en un entorno en el que se les pueda dar pie [&hellip;]<\/p>\n","protected":false},"author":1,"featured_media":0,"parent":0,"menu_order":0,"comment_status":"closed","ping_status":"closed","template":"","meta":{"footnotes":""},"class_list":["post-578","page","type-page","status-publish","hentry"],"jetpack_sharing_enabled":true,"_links":{"self":[{"href":"https:\/\/micrisordos.org\/index.php?rest_route=\/wp\/v2\/pages\/578","targetHints":{"allow":["GET"]}}],"collection":[{"href":"https:\/\/micrisordos.org\/index.php?rest_route=\/wp\/v2\/pages"}],"about":[{"href":"https:\/\/micrisordos.org\/index.php?rest_route=\/wp\/v2\/types\/page"}],"author":[{"embeddable":true,"href":"https:\/\/micrisordos.org\/index.php?rest_route=\/wp\/v2\/users\/1"}],"replies":[{"embeddable":true,"href":"https:\/\/micrisordos.org\/index.php?rest_route=%2Fwp%2Fv2%2Fcomments&post=578"}],"version-history":[{"count":14,"href":"https:\/\/micrisordos.org\/index.php?rest_route=\/wp\/v2\/pages\/578\/revisions"}],"predecessor-version":[{"id":582,"href":"https:\/\/micrisordos.org\/index.php?rest_route=\/wp\/v2\/pages\/578\/revisions\/582"}],"wp:attachment":[{"href":"https:\/\/micrisordos.org\/index.php?rest_route=%2Fwp%2Fv2%2Fmedia&parent=578"}],"curies":[{"name":"wp","href":"https:\/\/api.w.org\/{rel}","templated":true}]}}