{"id":566,"date":"2020-06-04T21:17:52","date_gmt":"2020-06-04T21:17:52","guid":{"rendered":"https:\/\/micrisordos.org\/?page_id=566"},"modified":"2020-06-04T21:22:17","modified_gmt":"2020-06-04T21:22:17","slug":"colaborando-en-espana","status":"publish","type":"page","link":"https:\/\/micrisordos.org\/?page_id=566","title":{"rendered":"Colaborando en Espa\u00f1a"},"content":{"rendered":"<p>[vc_row][vc_column][vc_cta h2=\u00bb\u00bb]Cuando los sordos cristianos conocemos a otros sordos que han tenido la misma experiencia con Jes\u00fas que nosotros, nos llenamos de gozo en nuestro coraz\u00f3n. Queremos apoyar y confraternizar con todos nuestros hermanos sordos de nuestro pa\u00eds para que este est\u00edmulo mutuo nos ayude a seguir adelante en la Senda del Evangelio. Cada a\u00f1o intentamos realizar viajes a diferentes iglesias donde conocemos que hay sordos. Cuando llegamos al lugar intercambiamos con gozo nuestros anhelos y testimonios, y tambi\u00e9n apoyamos ha obra en esa iglesia realizando salidas evangel\u00edsticas para alcanzar a otros sordos no convertidos del lugar.<\/p>\n<p>Tambi\u00e9n compartimos nuestro trabajo con los oyentes de esa congregaci\u00f3n e intentamos ser de la mayor edificaci\u00f3n para el conjunta de la comunidad. Todo lo hacemos bajo la supervisi\u00f3n y el acuerdo del l\u00edder o l\u00edderes de esa iglesia. Es para nosotros muy importante hacer las cosas en un orden ministerial y bajo el respeto a lo que Dios ha establecido en su Palabra.[\/vc_cta][\/vc_column][\/vc_row]<\/p>\n","protected":false},"excerpt":{"rendered":"<p>[vc_row][vc_column][vc_cta h2=\u00bb\u00bb]Cuando los sordos cristianos conocemos a otros sordos que han tenido la misma experiencia con Jes\u00fas que nosotros, nos llenamos de gozo en nuestro coraz\u00f3n. Queremos apoyar y confraternizar con todos nuestros hermanos sordos de nuestro pa\u00eds para que este est\u00edmulo mutuo nos ayude a seguir adelante en la Senda del Evangelio. Cada a\u00f1o [&hellip;]<\/p>\n","protected":false},"author":1,"featured_media":0,"parent":0,"menu_order":0,"comment_status":"closed","ping_status":"closed","template":"","meta":{"footnotes":""},"class_list":["post-566","page","type-page","status-publish","hentry"],"jetpack_sharing_enabled":true,"_links":{"self":[{"href":"https:\/\/micrisordos.org\/index.php?rest_route=\/wp\/v2\/pages\/566","targetHints":{"allow":["GET"]}}],"collection":[{"href":"https:\/\/micrisordos.org\/index.php?rest_route=\/wp\/v2\/pages"}],"about":[{"href":"https:\/\/micrisordos.org\/index.php?rest_route=\/wp\/v2\/types\/page"}],"author":[{"embeddable":true,"href":"https:\/\/micrisordos.org\/index.php?rest_route=\/wp\/v2\/users\/1"}],"replies":[{"embeddable":true,"href":"https:\/\/micrisordos.org\/index.php?rest_route=%2Fwp%2Fv2%2Fcomments&post=566"}],"version-history":[{"count":3,"href":"https:\/\/micrisordos.org\/index.php?rest_route=\/wp\/v2\/pages\/566\/revisions"}],"predecessor-version":[{"id":571,"href":"https:\/\/micrisordos.org\/index.php?rest_route=\/wp\/v2\/pages\/566\/revisions\/571"}],"wp:attachment":[{"href":"https:\/\/micrisordos.org\/index.php?rest_route=%2Fwp%2Fv2%2Fmedia&parent=566"}],"curies":[{"name":"wp","href":"https:\/\/api.w.org\/{rel}","templated":true}]}}