{"id":555,"date":"2020-06-04T21:11:13","date_gmt":"2020-06-04T21:11:13","guid":{"rendered":"https:\/\/micrisordos.org\/?page_id=555"},"modified":"2020-06-04T21:12:19","modified_gmt":"2020-06-04T21:12:19","slug":"evangelismo","status":"publish","type":"page","link":"https:\/\/micrisordos.org\/?page_id=555","title":{"rendered":"Evangel\u00edsmo"},"content":{"rendered":"<p>[vc_row][vc_column][vc_cta h2=\u00bb\u00bb]Uno de los pilares de nuestro llamado al servicio en este Ministerio es el Evangelismo, especialmente de las personas sordas. Siendo que la gran mayor\u00eda de los integrantes de esta obra somos sordos, nos es m\u00e1s f\u00e1cil alcanzar a aquellos que son como nosotros. Esto es algo muy importante dentro del pueblo sordo, ya que siempre en ellos hay una confianza m\u00e1s grande cuando un sordo habla a otro sordo.<\/p>\n<p>No estamos diciendo que un oyente no pueda hablarle del Se\u00f1or a una persona sorda; lo que estamos subrayando es la realidad de que un sordo puede hacerse comprender mejor con otro que es igual que \u00e9l. Con esta visi\u00f3n, realizamos salidas a Asociaciones de sordos de diferentes ciudades y en ocasiones diferentes provincias, donde contactamos con otras personas sordas y les hablamos de nuestra vivencia diaria, del gozo que Dios da y de la promesas futuras; en definitiva: Les hablamos de Jesucristo.[\/vc_cta][\/vc_column][\/vc_row]<\/p>\n","protected":false},"excerpt":{"rendered":"<p>[vc_row][vc_column][vc_cta h2=\u00bb\u00bb]Uno de los pilares de nuestro llamado al servicio en este Ministerio es el Evangelismo, especialmente de las personas sordas. Siendo que la gran mayor\u00eda de los integrantes de esta obra somos sordos, nos es m\u00e1s f\u00e1cil alcanzar a aquellos que son como nosotros. Esto es algo muy importante dentro del pueblo sordo, ya [&hellip;]<\/p>\n","protected":false},"author":1,"featured_media":0,"parent":0,"menu_order":0,"comment_status":"closed","ping_status":"closed","template":"","meta":{"footnotes":""},"class_list":["post-555","page","type-page","status-publish","hentry"],"jetpack_sharing_enabled":true,"_links":{"self":[{"href":"https:\/\/micrisordos.org\/index.php?rest_route=\/wp\/v2\/pages\/555","targetHints":{"allow":["GET"]}}],"collection":[{"href":"https:\/\/micrisordos.org\/index.php?rest_route=\/wp\/v2\/pages"}],"about":[{"href":"https:\/\/micrisordos.org\/index.php?rest_route=\/wp\/v2\/types\/page"}],"author":[{"embeddable":true,"href":"https:\/\/micrisordos.org\/index.php?rest_route=\/wp\/v2\/users\/1"}],"replies":[{"embeddable":true,"href":"https:\/\/micrisordos.org\/index.php?rest_route=%2Fwp%2Fv2%2Fcomments&post=555"}],"version-history":[{"count":2,"href":"https:\/\/micrisordos.org\/index.php?rest_route=\/wp\/v2\/pages\/555\/revisions"}],"predecessor-version":[{"id":559,"href":"https:\/\/micrisordos.org\/index.php?rest_route=\/wp\/v2\/pages\/555\/revisions\/559"}],"wp:attachment":[{"href":"https:\/\/micrisordos.org\/index.php?rest_route=%2Fwp%2Fv2%2Fmedia&parent=555"}],"curies":[{"name":"wp","href":"https:\/\/api.w.org\/{rel}","templated":true}]}}