{"id":549,"date":"2020-06-04T21:07:00","date_gmt":"2020-06-04T21:07:00","guid":{"rendered":"https:\/\/micrisordos.org\/?page_id=549"},"modified":"2020-06-04T21:08:57","modified_gmt":"2020-06-04T21:08:57","slug":"introduccion","status":"publish","type":"page","link":"https:\/\/micrisordos.org\/?page_id=549","title":{"rendered":"Introducci\u00f3n"},"content":{"rendered":"<p>[vc_row][vc_column][vc_cta h2=\u00bb\u00bb]Hay muchas personas que son de la opini\u00f3n de que: \u00abTodos somos iguales delante de Dios\u00bb. Aunque esto es cierto en el sentido espiritual de la palabra (para Dios nos hay diferencia entre todos los seres humanos), es importante que entendamos algunos detalles para poder llegar a alcanzar correctamente a este colectivo:<\/p>\n<p>1.- Los sordos no son mudos. La expres\u00f3 sordomudos no es correcta. Un sordo tiene sus cuerdas vocales perfectamente, lo que ocurre es que al no poder escuchar sus palabras, le es muy dif\u00edcil reproducir los sonidos adecuados de cada palabra de forma que nosotros los podamos entender. S\u00f3lo con la fuerza de la pr\u00e1ctica y la ayuda de un logopeda (persona que ense\u00f1a a pronunciar correctamente) es posible avanzar en este campo.<\/p>\n<p>2.- Un sordo no se considera una persona discapacitada. Un sordo no ve la sordera como un defecto, sino que ellos piensan que son as\u00ed (igual que una persona de color nace as\u00ed, por ejemplo). Esta actitud no tiene que estar re\u00f1ida con el deseo que Dios pueda sanarles de su sordera; de hecho en muchas reuniones piden oraci\u00f3n por sanidad (creemos en ello), pero no hay que insistir excesivamente en ese tema: Dios sabe el porqu\u00e9 de todas las cosas, y ellos en muchos de los casos son felices as\u00ed.<\/p>\n<p>3.- La compresi\u00f3n escrita y morfol\u00f3gica del lenguaje (el orden de las frases y a veces el significado de algunas palabras) no es la misma que en las personas oyentes o que en los sordos oralistas (o personas que se quedaron sordas cuando hablaban correctamente). Ello hace que se deba explicar (en lengua de signos generalmente) m\u00e1s extensamente y con muchos ejemplos e ilustraciones algo que les queramos ense\u00f1ar.<\/p>\n<p>4.- Hay dos grupos de sordos: los oralistas son aquellos que pueden leer los labios y que hablan igual que los oyentes; y los que se comunican por medio de la lengua de signo, que hablan con las manos. Cada grupo tiene unas necesidades espec\u00edficas que es necesario suplir. Sin bien la ense\u00f1anza y la comprensi\u00f3n es m\u00e1s parecida a los oyentes en los sordos oralistas, sin embargo se ha de tener en cuenta por ejemplo que en una conferencia ha de estar una persona a su lado oyente vocalizando claramente las mismas palabras que el predicador est\u00e1 diciendo. Por otro lado, los sordos que hablan lengua de signos necesitan un int\u00e9rprete que est\u00e9 traduciendo el mensaje y a ser posible, aparte un refuerzo en la ense\u00f1anza para que puedan cubrirse las posibles lagunas que la r\u00e1pida interpretaci\u00f3n pueda haberles dejado.<\/p>\n<p>Todo este trabajo es un gran reto para todos aquellos que hemos sentido la carga de alcanzar a estas almas. Sin embargo sabemos que de nuestra parte tenemos al mejor ayudador: el Esp\u00edritu Santo nos capacita para poder llevar a cabo su llamado. \u00a1Gloria al Se\u00f1or![\/vc_cta][\/vc_column][\/vc_row]<\/p>\n","protected":false},"excerpt":{"rendered":"<p>[vc_row][vc_column][vc_cta h2=\u00bb\u00bb]Hay muchas personas que son de la opini\u00f3n de que: \u00abTodos somos iguales delante de Dios\u00bb. Aunque esto es cierto en el sentido espiritual de la palabra (para Dios nos hay diferencia entre todos los seres humanos), es importante que entendamos algunos detalles para poder llegar a alcanzar correctamente a este colectivo: 1.- Los [&hellip;]<\/p>\n","protected":false},"author":1,"featured_media":0,"parent":0,"menu_order":0,"comment_status":"closed","ping_status":"closed","template":"","meta":{"footnotes":""},"class_list":["post-549","page","type-page","status-publish","hentry"],"jetpack_sharing_enabled":true,"_links":{"self":[{"href":"https:\/\/micrisordos.org\/index.php?rest_route=\/wp\/v2\/pages\/549","targetHints":{"allow":["GET"]}}],"collection":[{"href":"https:\/\/micrisordos.org\/index.php?rest_route=\/wp\/v2\/pages"}],"about":[{"href":"https:\/\/micrisordos.org\/index.php?rest_route=\/wp\/v2\/types\/page"}],"author":[{"embeddable":true,"href":"https:\/\/micrisordos.org\/index.php?rest_route=\/wp\/v2\/users\/1"}],"replies":[{"embeddable":true,"href":"https:\/\/micrisordos.org\/index.php?rest_route=%2Fwp%2Fv2%2Fcomments&post=549"}],"version-history":[{"count":3,"href":"https:\/\/micrisordos.org\/index.php?rest_route=\/wp\/v2\/pages\/549\/revisions"}],"predecessor-version":[{"id":554,"href":"https:\/\/micrisordos.org\/index.php?rest_route=\/wp\/v2\/pages\/549\/revisions\/554"}],"wp:attachment":[{"href":"https:\/\/micrisordos.org\/index.php?rest_route=%2Fwp%2Fv2%2Fmedia&parent=549"}],"curies":[{"name":"wp","href":"https:\/\/api.w.org\/{rel}","templated":true}]}}