{"id":543,"date":"2020-06-04T20:57:48","date_gmt":"2020-06-04T20:57:48","guid":{"rendered":"https:\/\/micrisordos.org\/?page_id=543"},"modified":"2020-06-04T21:01:23","modified_gmt":"2020-06-04T21:01:23","slug":"declaracion-de-fe","status":"publish","type":"page","link":"https:\/\/micrisordos.org\/?page_id=543","title":{"rendered":"Declaraci\u00f3n de fe"},"content":{"rendered":"<p>[vc_row][vc_column][vc_cta h2=\u00bbNuestra fe. Creemos que&#8230;\u00bb]1.- La Biblia<br \/>\nCreemos que la Biblia es la revelaci\u00f3n divina dada por Dios a los hombres por medio de siervos inspirados por el Esp\u00edritu Santo de tal manera que no erraron en la transmisi\u00f3n de ella. La Biblia es la \u00faltima autoridad entre Dios y los hombres. La Biblia no \u00abcontiene\u00bb la Palabra de Dios, sino que la Biblia ES la Palabra de Dios. (2 Timoteo 3:15, 16)<\/p>\n<p>2.- El Dios verdadero<br \/>\nHay un Dios personal, el Dios vivo y verdadero, manifestado en el Padre, el Hijo y el Esp\u00edritu Santo. Dios es el Creador de todo lo que existe, inclusive del hombre (G\u00e9nesis 1:1). Dios es omnipotente (todo lo puede), omnipresente (est\u00e1 en todo lugar sin limitaci\u00f3n) y omnisciente (todo lo sabe).<\/p>\n<p>3.- El Se\u00f1or Jesucristo<br \/>\nEs el Hijo Eterno de Dios, quien se humill\u00f3 a s\u00ed mismo, despoj\u00e1ndose de Su Gloria Eterna, haci\u00e9ndose hombre. Nacido de Mar\u00eda y por obra del Esp\u00edritu Santo, vivi\u00f3 como hombre igual que nosotros y fue tentado en todo, pero sin pecar (Hebreos 4:15; 2:14). En el Calvario fue hecho pecado, llevando as\u00ed los pecados de la humanidad (2 Corintios 5:21). Por eso es el \u00fanico Mediador entre Dios y los hombres (1 Timoteo 2:5, 6). Resucit\u00f3 al tercer d\u00eda cumpliendo la Escritura y despu\u00e9s ascendi\u00f3 al trono de Dios, Su Padre, siendo revestido de Su Gloria Eterna (Filipenses 2:6-9). Ha de venir a juzgar a los vivos y a los muertos (Hechos 1:10, 11 \/ Juan 5:28, 29).<\/p>\n<p>4.- El Esp\u00edritu Santo<br \/>\nEs la tercera persona de la Trinidad; es el que act\u00faa en el mundo, igual en poder y en gloria con el Padre y con el Hijo, y debe ser amado, obedecido y honrado. El redarguye, convence de pecado, de justicia y de juicio. Por medio de Su entrada en el coraz\u00f3n el pecador es salvo y hecho hijo de Dios (Juan 16:7-10). Cuando una persona acepta a Jesucristo como Salvador de su alma, el Esp\u00edritu Santo viene a morar a su coraz\u00f3n. El creyente ES el templo del Esp\u00edritu Santo (Juan 20:22 \/ 1 Juan 4:13). Creemos tambi\u00e9n que Dios BAUTIZA en el Esp\u00edritu Santo cuando en una b\u00fasqueda profunda del Se\u00f1or en oraci\u00f3n la presencia de su Esp\u00edritu invade todo nuestro ser de una forma dif\u00edcil de explicar y con la invidencia de hablar en otras lenguas (Hechos 2:1-4) Creemos que Dios ha dado sus dones a la Iglesia (1 Corintios 12:7-11) y todos repartidos por el Esp\u00edritu Santo para edificar el cuerpo de Cristo.<\/p>\n<p>5.- El hombre<br \/>\nEl hombre fue hecho a la imagen y semejanza de Dios, esp\u00edritu, alma y cuerpo (G\u00e9nesis 1:26, 27). Esto hace que el hombre sea un ser personal. El esp\u00edritu (tambi\u00e9n llamado coraz\u00f3n) es la persona, el ser y es la vida que vino de Dios, el soplo de Dios (soplo nos habla de esp\u00edritu &#8211; G\u00e9nesis 2:7) que da aliento de vida (Hebreos 12:9). El alma es la manifestaci\u00f3n del esp\u00edritu en el cuerpo, la sede de las emociones que interactivo con la mente (entendimiento) y razonamiento (Romanos 12:2 \/ Efesios 4:23). El cuerpo es la parte material tangible del hombre, templo y morada de Dios (G\u00e9nesis 2:7 \/ Romanos 8:11; 12:1 \/ 1 Corintios 6:13, 15, 19). Por su desobediencia y rebeli\u00f3n, el hombre cay\u00f3 en pecado y lleg\u00f3 a estar muerto en pecados, siervo de pecado, hijo de desobediencia e hijo de ira (Efesios 2:1-3; 4: 17-19). El castigo fruto de este pecado consiste en la muerte espiritual, la perdici\u00f3n, la separaci\u00f3n de Dios, la muerte f\u00edsica, y finalmente el infierno y el lago de fuego (G\u00e9nesis 2:17; 3:1-24 \/ Romanos 1:18, 32: 3:19 \/ Apocalipsis 20:11-15).<br \/>\nEl hombre renacido por haber recibido a Jes\u00fas como su Salvador personal, es una nueva criatura. Ha pasado de muerte a vida. Tiene la naturaleza de Cristo y su meta suprema es ser hecho a la imagen del Hijo de Dios cuando el Se\u00f1or venga a buscar a su Iglesia (Juan 3:1-7 \/ 2 Corintios 5:17 \/ Romanos 6:3-7 \/ Efesios 5:18).<\/p>\n<p>6.- La Iglesia<br \/>\nEs el cuerpo de Jesucristo, el prop\u00f3sito eterno de Dios. La forman los redimidos en la sangre de Jesucristo (las personas, no los edificios) a trav\u00e9s de todas las edades y de todas nacionalidades y razas que se han arrepentido de sus pecados y han recibido a Jesucristo como su Salvador personal (Juan 10:16 \/ Efesios 1:7, 10, 22, 23; 4:4 \/ Hechos 2:47). El prop\u00f3sito de la Iglesia es tripartito: a) Hacer conocer el Evangelio a todo hombre (Marcos 16:15). b) Hacer conocer a principados y potestades la m\u00faltiple sabidur\u00eda de Dios (Efesios 3:10). c) Manifestar la plenitud de Cristo (Efesios 3:17-19).[\/vc_cta][\/vc_column][\/vc_row]<\/p>\n","protected":false},"excerpt":{"rendered":"<p>[vc_row][vc_column][vc_cta h2=\u00bbNuestra fe. Creemos que&#8230;\u00bb]1.- La Biblia Creemos que la Biblia es la revelaci\u00f3n divina dada por Dios a los hombres por medio de siervos inspirados por el Esp\u00edritu Santo de tal manera que no erraron en la transmisi\u00f3n de ella. La Biblia es la \u00faltima autoridad entre Dios y los hombres. La Biblia no [&hellip;]<\/p>\n","protected":false},"author":1,"featured_media":0,"parent":0,"menu_order":0,"comment_status":"closed","ping_status":"closed","template":"","meta":{"footnotes":""},"class_list":["post-543","page","type-page","status-publish","hentry"],"jetpack_sharing_enabled":true,"_links":{"self":[{"href":"https:\/\/micrisordos.org\/index.php?rest_route=\/wp\/v2\/pages\/543","targetHints":{"allow":["GET"]}}],"collection":[{"href":"https:\/\/micrisordos.org\/index.php?rest_route=\/wp\/v2\/pages"}],"about":[{"href":"https:\/\/micrisordos.org\/index.php?rest_route=\/wp\/v2\/types\/page"}],"author":[{"embeddable":true,"href":"https:\/\/micrisordos.org\/index.php?rest_route=\/wp\/v2\/users\/1"}],"replies":[{"embeddable":true,"href":"https:\/\/micrisordos.org\/index.php?rest_route=%2Fwp%2Fv2%2Fcomments&post=543"}],"version-history":[{"count":3,"href":"https:\/\/micrisordos.org\/index.php?rest_route=\/wp\/v2\/pages\/543\/revisions"}],"predecessor-version":[{"id":548,"href":"https:\/\/micrisordos.org\/index.php?rest_route=\/wp\/v2\/pages\/543\/revisions\/548"}],"wp:attachment":[{"href":"https:\/\/micrisordos.org\/index.php?rest_route=%2Fwp%2Fv2%2Fmedia&parent=543"}],"curies":[{"name":"wp","href":"https:\/\/api.w.org\/{rel}","templated":true}]}}