{"id":537,"date":"2020-06-04T20:54:47","date_gmt":"2020-06-04T20:54:47","guid":{"rendered":"https:\/\/micrisordos.org\/?page_id=537"},"modified":"2020-06-04T20:56:03","modified_gmt":"2020-06-04T20:56:03","slug":"motivacion-y-proposito","status":"publish","type":"page","link":"https:\/\/micrisordos.org\/?page_id=537","title":{"rendered":"Motivaci\u00f3n y prop\u00f3sito"},"content":{"rendered":"<p>[vc_row][vc_column][vc_cta h2=\u00bbEstadisticas a nivel Mundial\u00bb]Seg\u00fan en una revista Americana de Octubre del 1981 (datos de la OMS). El 13% de la poblaci\u00f3n Mundial es discapacitada, y el 1,5% de la poblaci\u00f3n es Sorda. Si en Espa\u00f1a hay 44 Millones de habitantes, quiere decir que hay 660.000 personas Sordas. O sea si en Espa\u00f1a hay 50 personas convertidas, quedan 610.000 personas Sordas que por ignorancia o porque no sabemos como llevarles el evangelio est\u00e1n bajo el dominio de Satan\u00e1s. Seguramente que alrededor de su Iglesia o en su casa o en la calle de enfrente vive una persona Sorda, que por haber nacido o haya tenido la desgracia de sufrir una enfermedad y que se v\u00e9 impedido de no poder o\u00edr ese precioso mensaje que tanto nos edifica a nosotros y que ellos no pueden disfrutar del Amor de Jesucristo.<\/p>\n<p>Quiero llamar la atenci\u00f3n, a las Iglesia, Pastores, Ancianos, Responsables. Para que hagamos Misi\u00f3n a este pueblo oculto en la oscuridad, oculto hasta ahora. Porque Dios ha llamado a la puerta de la oscuridad, para que salgan a la luz admirable. Ser\u00e1 este el remanente lo \u00faltimo de la tierra. Hechos 13:47<\/p>\n<p>Solo se necesita aprender el Lenguaje de Signos para llegar a ellos, y presentarles el mensaje de Salvaci\u00f3n. La sangre de Cristo tambi\u00e9n fue derramada para los Sordos. Aparte de qu\u00e9 son m\u00faltiples las causas por lo cual estas personas han quedado Sordas, tambi\u00e9n hay distintas clase de sordera.<\/p>\n<p>Est\u00e1n las personas que son Sordociegos. Hay que hablarles con las mismas se\u00f1as que a los Sordos pero en vez de ser visual, como ellos no ven, hay que cojerle la mano y demostrarle los signos en la mano. Est\u00e1 el Sordomudo: Sordo por que no percibe los sonidos y no puede aprender hablar. Mundo por que las cuerdas bocales est\u00e1n da\u00f1adas, le funcionan por eso no pueden emitir sonidos. Pero s\u00ed pueden o\u00edr. Hay que diferenciar, que es un Sordo y que es un Mudo. No les gusta que a un Sordo le llamen Mudo. Hay Sordos (hipoacusia severa, es la que tiene m\u00e1s de 50 decibeles de p\u00e9rdida) que hablan mejor que otros, depende el grado de Sordera o el nivel cultural que tenga. Estos halan con las manos (Lenguaje de Signo) Eloy y Rut. Sordos Oralistas. Hay algunos que tienen un nivel alto de audici\u00f3n y perciben los sonidos y pueden hablar bien. Hay otros que se han quedado Sordos sabiendo hablar y aprenden a leer los labios . O que en el colegio han aprendido a leer los labios. Pero todas estas personas se encuentran en una situaci\u00f3n dif\u00edcil en la vida. No se encuentran bien entre los Sordos profundos que tienen que hablar con las manos. Y ante la sociedad no pueden sacar todo el provecho de la vida. Tienen que estar mirando siempre a los labios, y todo lo que pasa a su alrededor no se enteran. Cuando el orador se mueve, o se da la vuelta, o tiene el micro en la boca ya se ha perdido. Pero tanto los unos o los otros son iguales a nosotros y por lo tanto con las mismas necesidades y los mismos problemas. Lo que Ministerio Cristiano de Sordos pretende es llegar como Iglesia a las personas Sordas y a sus familias ayudarles a encontrar su lugar dentro del cuerpo de Cristo y haci\u00e9ndoles conocer el Amor de Dios y la Salvaci\u00f3n por medio de Su Hijo Jesucristo.[\/vc_cta][\/vc_column][\/vc_row]<\/p>\n","protected":false},"excerpt":{"rendered":"<p>[vc_row][vc_column][vc_cta h2=\u00bbEstadisticas a nivel Mundial\u00bb]Seg\u00fan en una revista Americana de Octubre del 1981 (datos de la OMS). El 13% de la poblaci\u00f3n Mundial es discapacitada, y el 1,5% de la poblaci\u00f3n es Sorda. Si en Espa\u00f1a hay 44 Millones de habitantes, quiere decir que hay 660.000 personas Sordas. O sea si en Espa\u00f1a hay 50 [&hellip;]<\/p>\n","protected":false},"author":1,"featured_media":0,"parent":0,"menu_order":0,"comment_status":"closed","ping_status":"closed","template":"","meta":{"footnotes":""},"class_list":["post-537","page","type-page","status-publish","hentry"],"jetpack_sharing_enabled":true,"_links":{"self":[{"href":"https:\/\/micrisordos.org\/index.php?rest_route=\/wp\/v2\/pages\/537","targetHints":{"allow":["GET"]}}],"collection":[{"href":"https:\/\/micrisordos.org\/index.php?rest_route=\/wp\/v2\/pages"}],"about":[{"href":"https:\/\/micrisordos.org\/index.php?rest_route=\/wp\/v2\/types\/page"}],"author":[{"embeddable":true,"href":"https:\/\/micrisordos.org\/index.php?rest_route=\/wp\/v2\/users\/1"}],"replies":[{"embeddable":true,"href":"https:\/\/micrisordos.org\/index.php?rest_route=%2Fwp%2Fv2%2Fcomments&post=537"}],"version-history":[{"count":3,"href":"https:\/\/micrisordos.org\/index.php?rest_route=\/wp\/v2\/pages\/537\/revisions"}],"predecessor-version":[{"id":542,"href":"https:\/\/micrisordos.org\/index.php?rest_route=\/wp\/v2\/pages\/537\/revisions\/542"}],"wp:attachment":[{"href":"https:\/\/micrisordos.org\/index.php?rest_route=%2Fwp%2Fv2%2Fmedia&parent=537"}],"curies":[{"name":"wp","href":"https:\/\/api.w.org\/{rel}","templated":true}]}}