{"id":487,"date":"2020-06-04T20:04:38","date_gmt":"2020-06-04T20:04:38","guid":{"rendered":"https:\/\/micrisordos.org\/?page_id=487"},"modified":"2020-06-05T00:47:23","modified_gmt":"2020-06-05T00:47:23","slug":"departamentos","status":"publish","type":"page","link":"https:\/\/micrisordos.org\/?page_id=487","title":{"rendered":"Departamentos"},"content":{"rendered":"<p>[vc_row][vc_column width=\u00bb1\/2&#8243;][vc_hoverbox image=\u00bb652&#8243; primary_title=\u00bb\u00bb hover_title=\u00bbCNCSE\u00bb]Estamos preparando nuestro XXI Congreso Nacional de Sordos Cristianos para los pr\u00f3ximos 4 al 8 de Diciembre de 2021. No te pierda esta oportunidad de gozarte con nosotros, esta vez en C\u00f3rdoba. Nuestro objetivo ser\u00e1 buscar al se\u00f1or juntos todos los sordos cristiano y establecer nuevas espectativas para evangelizar sordos y oyentes a las personas que no pueden o\u00edr. \u00a1Te esperamos![\/vc_hoverbox][\/vc_column][vc_column width=\u00bb1\/2&#8243;][vc_hoverbox image=\u00bb644&#8243; primary_title=\u00bb\u00bb hover_title=\u00bbTraducci\u00f3n de la biblia\u00bb]<span class=\"xr_tl Normal_text\">Es una traducci\u00f3n de la Biblia comparada con los textos m\u00e1s antiguos en las lenguas originales, <\/span><span class=\"xr_tl Normal_text\">traducida por un equipo de sordos y oyentes y revisada por expertos y grupos de sordos.<\/span>[\/vc_hoverbox][\/vc_column][\/vc_row][vc_row][vc_column][vc_zigzag][\/vc_column][\/vc_row][vc_row][vc_column width=\u00bb1\/2&#8243;][vc_hoverbox image=\u00bb112&#8243; primary_title=\u00bb\u00bb hover_title=\u00bbWDAG Mundial\u00bb]Debido a COVID-19, todos los registros se mantendr\u00e1n para el pr\u00f3ximo a\u00f1o en las mismas condiciones. Suscr\u00edbase para obtener informaci\u00f3n sobre la pr\u00f3xima Conferencia de WDAG en Espa\u00f1a en 6 al 13 de octubre de 2021. Si tiene alguna consulta, env\u00edenos un mensaje.[\/vc_hoverbox][\/vc_column][vc_column width=\u00bb1\/2&#8243;][vc_hoverbox image=\u00bb642&#8243; primary_title=\u00bb\u00bb hover_title=\u00bbWDAG Europa\u00bb]Damos la bienvenida a personas sordas de Europa al WDAG. Oramos para que Dios nos llene con su Esp\u00edritu Santo para que podamos servirle. Te invitamos a asistir a European Deaf Assemblies of God Fellowship. La beca se realizar\u00e1 en Polonia.[\/vc_hoverbox][\/vc_column][\/vc_row][vc_row][vc_column][vc_zigzag][\/vc_column][\/vc_row][vc_row][vc_column][vc_hoverbox image=\u00bb655&#8243; primary_title=\u00bb\u00bb hover_title=\u00bb\u00bb][\/vc_hoverbox][\/vc_column][\/vc_row]<\/p>\n","protected":false},"excerpt":{"rendered":"<p>[vc_row][vc_column width=\u00bb1\/2&#8243;][vc_hoverbox image=\u00bb652&#8243; primary_title=\u00bb\u00bb hover_title=\u00bbCNCSE\u00bb]Estamos preparando nuestro XXI Congreso Nacional de Sordos Cristianos para los pr\u00f3ximos 4 al 8 de Diciembre de 2021. No te pierda esta oportunidad de gozarte con nosotros, esta vez en C\u00f3rdoba. Nuestro objetivo ser\u00e1 buscar al se\u00f1or juntos todos los sordos cristiano y establecer nuevas espectativas para evangelizar sordos y [&hellip;]<\/p>\n","protected":false},"author":1,"featured_media":0,"parent":0,"menu_order":0,"comment_status":"closed","ping_status":"closed","template":"","meta":{"footnotes":""},"class_list":["post-487","page","type-page","status-publish","hentry"],"jetpack_sharing_enabled":true,"_links":{"self":[{"href":"https:\/\/micrisordos.org\/index.php?rest_route=\/wp\/v2\/pages\/487","targetHints":{"allow":["GET"]}}],"collection":[{"href":"https:\/\/micrisordos.org\/index.php?rest_route=\/wp\/v2\/pages"}],"about":[{"href":"https:\/\/micrisordos.org\/index.php?rest_route=\/wp\/v2\/types\/page"}],"author":[{"embeddable":true,"href":"https:\/\/micrisordos.org\/index.php?rest_route=\/wp\/v2\/users\/1"}],"replies":[{"embeddable":true,"href":"https:\/\/micrisordos.org\/index.php?rest_route=%2Fwp%2Fv2%2Fcomments&post=487"}],"version-history":[{"count":20,"href":"https:\/\/micrisordos.org\/index.php?rest_route=\/wp\/v2\/pages\/487\/revisions"}],"predecessor-version":[{"id":667,"href":"https:\/\/micrisordos.org\/index.php?rest_route=\/wp\/v2\/pages\/487\/revisions\/667"}],"wp:attachment":[{"href":"https:\/\/micrisordos.org\/index.php?rest_route=%2Fwp%2Fv2%2Fmedia&parent=487"}],"curies":[{"name":"wp","href":"https:\/\/api.w.org\/{rel}","templated":true}]}}