{"id":482,"date":"2020-06-04T19:54:51","date_gmt":"2020-06-04T19:54:51","guid":{"rendered":"https:\/\/micrisordos.org\/?page_id=482"},"modified":"2020-06-10T18:40:49","modified_gmt":"2020-06-10T18:40:49","slug":"actividades","status":"publish","type":"page","link":"https:\/\/micrisordos.org\/?page_id=482","title":{"rendered":"Actividades"},"content":{"rendered":"<p>[vc_row][vc_column][vc_cta h2=\u00bb\u00bb]Nuestro Ministerio realiza de forma regular unas actividades que queremos explicar en este Apartado. Se trata de actividades relacionadas con la ense\u00f1anza de lengua de signos, reuniones regulares que fomenten el crecimiento de los sordos, y los retiros y campamentos de confraternidad. Nuestra congregaci\u00f3n tambi\u00e9n est\u00e1 trabajando arduamente entre las personas sordas. Tenemos un Grupo de Sordos que tienen sus propias reuniones semanales, y que los domingos por la tarde se congregan en Sabadell para poder participar juntamente con los oyentes de las reuni\u00f3n.<br \/>\nCulto de Inauguraci\u00f3n Local Micrisordos &#8211; A finales de Agosto hemos podido celebrar la inauguraci\u00f3n del las instalaciones que nuestro Grupo de Sordos utilizar\u00e1 en todas sus actividades[\/vc_cta][\/vc_column][\/vc_row]<\/p>\n","protected":false},"excerpt":{"rendered":"<p>[vc_row][vc_column][vc_cta h2=\u00bb\u00bb]Nuestro Ministerio realiza de forma regular unas actividades que queremos explicar en este Apartado. Se trata de actividades relacionadas con la ense\u00f1anza de lengua de signos, reuniones regulares que fomenten el crecimiento de los sordos, y los retiros y campamentos de confraternidad. Nuestra congregaci\u00f3n tambi\u00e9n est\u00e1 trabajando arduamente entre las personas sordas. Tenemos un [&hellip;]<\/p>\n","protected":false},"author":1,"featured_media":0,"parent":0,"menu_order":0,"comment_status":"closed","ping_status":"closed","template":"","meta":{"footnotes":""},"class_list":["post-482","page","type-page","status-publish","hentry"],"jetpack_sharing_enabled":true,"_links":{"self":[{"href":"https:\/\/micrisordos.org\/index.php?rest_route=\/wp\/v2\/pages\/482","targetHints":{"allow":["GET"]}}],"collection":[{"href":"https:\/\/micrisordos.org\/index.php?rest_route=\/wp\/v2\/pages"}],"about":[{"href":"https:\/\/micrisordos.org\/index.php?rest_route=\/wp\/v2\/types\/page"}],"author":[{"embeddable":true,"href":"https:\/\/micrisordos.org\/index.php?rest_route=\/wp\/v2\/users\/1"}],"replies":[{"embeddable":true,"href":"https:\/\/micrisordos.org\/index.php?rest_route=%2Fwp%2Fv2%2Fcomments&post=482"}],"version-history":[{"count":9,"href":"https:\/\/micrisordos.org\/index.php?rest_route=\/wp\/v2\/pages\/482\/revisions"}],"predecessor-version":[{"id":686,"href":"https:\/\/micrisordos.org\/index.php?rest_route=\/wp\/v2\/pages\/482\/revisions\/686"}],"wp:attachment":[{"href":"https:\/\/micrisordos.org\/index.php?rest_route=%2Fwp%2Fv2%2Fmedia&parent=482"}],"curies":[{"name":"wp","href":"https:\/\/api.w.org\/{rel}","templated":true}]}}