{"id":476,"date":"2020-06-04T19:50:29","date_gmt":"2020-06-04T19:50:29","guid":{"rendered":"https:\/\/micrisordos.org\/?page_id=476"},"modified":"2020-06-04T20:38:40","modified_gmt":"2020-06-04T20:38:40","slug":"ministrando-a-los-sordos","status":"publish","type":"page","link":"https:\/\/micrisordos.org\/?page_id=476","title":{"rendered":"Ministrando a los sordos"},"content":{"rendered":"<p>[vc_row][vc_column][vc_cta h2=\u00bbConociendo a los Sordos\u00bb]Este apartado se dedicar\u00e1 a dar art\u00edculos o informaciones de inter\u00e9s acerca de los sordos. A veces tenemos la costumbre de llamar a los sordos \u201csordomudos\u201d o \u201clos mudos\u201d. Esto es totalmente incorrecto. Se les ha puesto esta etiqueta debido al hecho de que no hablan claramente, pero esto es porque no pueden escuchar. No hay nada anormal en sus cuerdas vocales. Aprendemos a a hablar imitando lo que escuchamos; si no puedo escuchar las palabras, tampoco las puedo immitar. Muchos sordos emiten sonidos sonidos que parecen extra\u00f1os para nosotros. Son sus intentos de hablar. Os animos hermanos a que os relacion\u00e9is con los sordos. No teng\u00e1is miedo o verg\u00fcenza pensando que no os van a entender. A ellos les gusta poder comunicarse con todos. Que entre todos podamos romper esas barreras de comunicaci\u00f3n y as\u00ed cumplamos la oraci\u00f3n de Jes\u00fas: \u201cPara que todos sean uno; como t\u00fa, oh Padre, en m\u00ed, y yo en ti, que tambi\u00e9n ellos sean uno en nosotros; para que el mundo crea que t\u00fa me enviaste\u201d(Juan 17:21)[\/vc_cta][\/vc_column][\/vc_row]<\/p>\n","protected":false},"excerpt":{"rendered":"<p>[vc_row][vc_column][vc_cta h2=\u00bbConociendo a los Sordos\u00bb]Este apartado se dedicar\u00e1 a dar art\u00edculos o informaciones de inter\u00e9s acerca de los sordos. A veces tenemos la costumbre de llamar a los sordos \u201csordomudos\u201d o \u201clos mudos\u201d. Esto es totalmente incorrecto. Se les ha puesto esta etiqueta debido al hecho de que no hablan claramente, pero esto es porque [&hellip;]<\/p>\n","protected":false},"author":1,"featured_media":0,"parent":0,"menu_order":0,"comment_status":"closed","ping_status":"closed","template":"","meta":{"footnotes":""},"class_list":["post-476","page","type-page","status-publish","hentry"],"jetpack_sharing_enabled":true,"_links":{"self":[{"href":"https:\/\/micrisordos.org\/index.php?rest_route=\/wp\/v2\/pages\/476","targetHints":{"allow":["GET"]}}],"collection":[{"href":"https:\/\/micrisordos.org\/index.php?rest_route=\/wp\/v2\/pages"}],"about":[{"href":"https:\/\/micrisordos.org\/index.php?rest_route=\/wp\/v2\/types\/page"}],"author":[{"embeddable":true,"href":"https:\/\/micrisordos.org\/index.php?rest_route=\/wp\/v2\/users\/1"}],"replies":[{"embeddable":true,"href":"https:\/\/micrisordos.org\/index.php?rest_route=%2Fwp%2Fv2%2Fcomments&post=476"}],"version-history":[{"count":4,"href":"https:\/\/micrisordos.org\/index.php?rest_route=\/wp\/v2\/pages\/476\/revisions"}],"predecessor-version":[{"id":517,"href":"https:\/\/micrisordos.org\/index.php?rest_route=\/wp\/v2\/pages\/476\/revisions\/517"}],"wp:attachment":[{"href":"https:\/\/micrisordos.org\/index.php?rest_route=%2Fwp%2Fv2%2Fmedia&parent=476"}],"curies":[{"name":"wp","href":"https:\/\/api.w.org\/{rel}","templated":true}]}}