{"id":469,"date":"2020-06-04T18:32:11","date_gmt":"2020-06-04T18:32:11","guid":{"rendered":"https:\/\/micrisordos.org\/?page_id=469"},"modified":"2020-06-11T15:20:26","modified_gmt":"2020-06-11T15:20:26","slug":"nuestro-ministerio","status":"publish","type":"page","link":"https:\/\/micrisordos.org\/?page_id=469","title":{"rendered":"Nuestro Ministerio"},"content":{"rendered":"<p>[vc_row][vc_column][vc_cta h2=\u00bbC\u00f3mo comenz\u00f3 la Obra para sordos&#8230;\u00bb]<img loading=\"lazy\" decoding=\"async\" class=\"size-medium wp-image-688 alignright\" src=\"https:\/\/micrisordos.org\/wp-content\/uploads\/2020\/06\/miguel-200x300.jpg\" alt=\"\" width=\"200\" height=\"300\" srcset=\"https:\/\/micrisordos.org\/wp-content\/uploads\/2020\/06\/miguel-200x300.jpg 200w, https:\/\/micrisordos.org\/wp-content\/uploads\/2020\/06\/miguel.jpg 400w\" sizes=\"auto, (max-width: 200px) 100vw, 200px\" \/>El tener 2 hijos sordos (Carlos y David) me ayud\u00f3 a comprender la necesidad una atenci\u00f3n especial para\u00a0poder comunicarles la Verdad del Evangelio. David fue creciendo en el Se\u00f1or gracias a que pudimos aprender Lengua de Signos. Cierto d\u00eda conoci\u00f3 a una chica sorda en la Asociaci\u00f3n de Sordos de Matar\u00f3. Le comenz\u00f3 a hablar del Se\u00f1or y entreg\u00f3 su vida a Cristo: su nombre era Estrella, y ahora es su esposa.<\/p>\n<p>Ahora ya eran dos sordos predicando en la Asociaci\u00f3n el Evangelio a otros iguales que ellos. Algunas veces les invitaban y ven\u00edan a la iglesia. En algunas ocasiones ven\u00edan 10 sordos, otras 15 \u00f3 20. Esto nos animaba y hac\u00eda que or\u00e1ramos por cada uno de los sordos. Con el paso del tiempo nuestro hijo mayor Carlos tambi\u00e9n se comenz\u00f3 a animar. Al ver a su hermano David y a Estrella fortalecidos en el Se\u00f1or, \u00e9l se integr\u00f3 en la iglesia y hoy forma parte del grupo de intercesi\u00f3n. Dios se nos revel\u00f3 y nos dio un mensaje: \u00abYo tengo un pueblo sordo que quiero que me alabe y me adore, poneros a trabajar que yo estoy con voso-tros\u00bb. Esto tambi\u00e9n sucedi\u00f3 a nivel nacional, porque desp\u00faes de recibir el mensaje la visi\u00f3n se extendi\u00f3 a distintos lugares de Espa\u00f1a. Sab\u00edamos que en C\u00e1diz hab\u00eda un grupo de sordos cristianos. En Noviembre de 1999 fuimos all\u00ed y la iglesia fue muy bendecida. En \u00e9ste viaje tambi\u00e9n se agreg\u00f3 un matrimonio sordo de San Sebasti\u00e1n, que ya conociamos de hace mucho tiempo El dia 1 mayo del 2000 realizamos otro viaje a San Sebasti\u00e1n con el objetivo de animar a este matrimonio y a poner inquietud a la iglesia para trabajar con los sordos.<br \/>\nEn este viaje, pudimos invitar a sordos inconversos de la Asociaci\u00f3n de la ciudad y tambi\u00e9n informamos a la iglesia de esta Obra. Los hermanos fueron quebrantados por el Se\u00f1or al sentir esta carga.Sin embargo lo m\u00e1s maravilloso fue que el domingo por la tarde asistieron 23 sordos inconversos a la iglesia para escuchar la Palabra del Se\u00f1or&#8230; \u00a1Gloria a Dios! All\u00ed el Se\u00f1or nos mostr\u00f3 lo que Dios quer\u00eda para Espa\u00f1a; nos abri\u00f3 los ojos acerca de muchas cosas y aprendimos mucho de c\u00f3mo se debe trabajar con los sordos; nos mostr\u00f3 que el pueblo sordo es igual que el oyente. A partir de este viaje el trabajo que los chicos han estado realizando los chicos sordos ha sido recompensado (Mateo 4:16): Empeza-ron a venir a las reuniones otros sordos no creyentes y a aceptar a Jes\u00fas como Salvador de sus vidas. En la actualidad hay un grupo de 14 sordos cristianos aqu\u00ed en Catalunya. Diez de estos sordos son bautizados y cuatro est\u00e1n esperando. En el mes de Diciembre del 2000 realizamos un Campamento en Madrid.<\/p>\n<p>All\u00ed nos juntamos personas de las 5 regiones: Pa\u00eds Vasco, Andaluc\u00eda, Valencia, Madrid y Catalunya. Tuvimos por primera vez una experiencia \u00fanica como pueblo sordo de Jesucristo; all\u00ed fue donde se fund\u00f3 Ministerio Cristiano para Sordos de Espa\u00f1a. El viernes d\u00eda 13 de Abril del 2001 se bautizaron seis sordos. Fueron unos d\u00edas de mucho gozo y consolidaci\u00f3n del grupo. Tomamos decisiones y acuerdos para la evangelizaci\u00f3n del pueblo sordo en Espa\u00f1a.<\/p>\n<p>Nuestra \u00faltima actividad ha sido visitar la ciudad de Valencia.Fue el 1 de Mayo, y la 1\u00aa Iglesia Bautista de la ciudad nos recibi\u00f3 con mucho amor e inter\u00e9s por la Obra. En esta congregaci\u00f3n hay varios hermanos que est\u00e1n estudiando el Lenguaje de Signos. Al lugar que el Se\u00f1or nos abra las puertas, all\u00ed iremos. Es el tiempo de Dios para el pueblo sordo (Romanos 15:20, 21). Esto es el principio del Ministerio Cristiano para Sordos<\/p>\n<p>Miguel Rold\u00e1n<br \/>\nFundador del Ministerio Cristiano para sordos<\/p>\n<p>P.D.: Nuestro hermano Miguel Rold\u00e1n, l\u00edder y jundador de Micrisordos part\u00edo con el Se\u00f1or el 23 de Marzo de 2003. Damos gracias a Dios por su servicio en este Ministerio.[\/vc_cta][\/vc_column][\/vc_row]<\/p>\n","protected":false},"excerpt":{"rendered":"<p>[vc_row][vc_column][vc_cta h2=\u00bbC\u00f3mo comenz\u00f3 la Obra para sordos&#8230;\u00bb]El tener 2 hijos sordos (Carlos y David) me ayud\u00f3 a comprender la necesidad una atenci\u00f3n especial para\u00a0poder comunicarles la Verdad del Evangelio. David fue creciendo en el Se\u00f1or gracias a que pudimos aprender Lengua de Signos. Cierto d\u00eda conoci\u00f3 a una chica sorda en la Asociaci\u00f3n de Sordos [&hellip;]<\/p>\n","protected":false},"author":1,"featured_media":0,"parent":0,"menu_order":0,"comment_status":"closed","ping_status":"closed","template":"","meta":{"footnotes":""},"class_list":["post-469","page","type-page","status-publish","hentry"],"jetpack_sharing_enabled":true,"_links":{"self":[{"href":"https:\/\/micrisordos.org\/index.php?rest_route=\/wp\/v2\/pages\/469","targetHints":{"allow":["GET"]}}],"collection":[{"href":"https:\/\/micrisordos.org\/index.php?rest_route=\/wp\/v2\/pages"}],"about":[{"href":"https:\/\/micrisordos.org\/index.php?rest_route=\/wp\/v2\/types\/page"}],"author":[{"embeddable":true,"href":"https:\/\/micrisordos.org\/index.php?rest_route=\/wp\/v2\/users\/1"}],"replies":[{"embeddable":true,"href":"https:\/\/micrisordos.org\/index.php?rest_route=%2Fwp%2Fv2%2Fcomments&post=469"}],"version-history":[{"count":4,"href":"https:\/\/micrisordos.org\/index.php?rest_route=\/wp\/v2\/pages\/469\/revisions"}],"predecessor-version":[{"id":689,"href":"https:\/\/micrisordos.org\/index.php?rest_route=\/wp\/v2\/pages\/469\/revisions\/689"}],"wp:attachment":[{"href":"https:\/\/micrisordos.org\/index.php?rest_route=%2Fwp%2Fv2%2Fmedia&parent=469"}],"curies":[{"name":"wp","href":"https:\/\/api.w.org\/{rel}","templated":true}]}}