{"id":441,"date":"2020-05-19T15:11:25","date_gmt":"2020-05-19T15:11:25","guid":{"rendered":"https:\/\/micrisordos.org\/?page_id=441"},"modified":"2021-05-19T00:30:53","modified_gmt":"2021-05-19T00:30:53","slug":"tv-directo","status":"publish","type":"page","link":"https:\/\/micrisordos.org\/?page_id=441","title":{"rendered":"TV Directo"},"content":{"rendered":"<p>[vc_row][vc_column][vc_hoverbox image=\u00bb467&#8243; primary_title=\u00bb\u00bb hover_title=\u00bbTV Directo YouTube\u00bb]Te damos la bienvenida a nuestra programaci\u00f3n en TV. El ministerio Cristiano de Sordos presenta TV en Directo para Sordos, que se puede ver en la Web de Micrisordos en Espa\u00f1a y tambi\u00e9n en Europa. Os pasamos toda la informaci\u00f3n acerca de los programas que se emitir\u00e1n y qu\u00e9 d\u00edas tendr\u00e1n lugar las emisiones semanales en directo. Ser\u00e1n los s\u00e1bado y domingo a las 18:30h TV en Directo con informaci\u00f3n de temas que se tratan en nuestras reuniones, predicaciones, testimonios, evangelizaci\u00f3n, teatro, etc\u2026 Es importante que nunca dejemos de escuchar la Palabra del Se\u00f1or. Es bueno para nuestras vidas, y os animamos para que nos visit\u00e9is a nuestro programa de TV en Directo del Ministerio Micrisordos. Bendicines.[\/vc_hoverbox][\/vc_column][\/vc_row][vc_row][vc_column][ultimate_video u_video_url=\u00bb\u00bb yt_autoplay=\u00bb\u00bb yt_sugg_video=\u00bb\u00bb yt_mute_control=\u00bb\u00bb yt_modest_branding=\u00bb\u00bb yt_privacy_mode=\u00bb\u00bb play_size=\u00bb75&#8243; enable_sub_bar=\u00bbon\u00bb show_sub_count=\u00bb\u00bb][\/vc_column][\/vc_row]<\/p>\n","protected":false},"excerpt":{"rendered":"<p>[vc_row][vc_column][vc_hoverbox image=\u00bb467&#8243; primary_title=\u00bb\u00bb hover_title=\u00bbTV Directo YouTube\u00bb]Te damos la bienvenida a nuestra programaci\u00f3n en TV. El ministerio Cristiano de Sordos presenta TV en Directo para Sordos, que se puede ver en la Web de Micrisordos en Espa\u00f1a y tambi\u00e9n en Europa. Os pasamos toda la informaci\u00f3n acerca de los programas que se emitir\u00e1n y qu\u00e9 d\u00edas [&hellip;]<\/p>\n","protected":false},"author":1,"featured_media":0,"parent":0,"menu_order":0,"comment_status":"closed","ping_status":"closed","template":"","meta":{"footnotes":""},"class_list":["post-441","page","type-page","status-publish","hentry"],"jetpack_sharing_enabled":true,"_links":{"self":[{"href":"https:\/\/micrisordos.org\/index.php?rest_route=\/wp\/v2\/pages\/441","targetHints":{"allow":["GET"]}}],"collection":[{"href":"https:\/\/micrisordos.org\/index.php?rest_route=\/wp\/v2\/pages"}],"about":[{"href":"https:\/\/micrisordos.org\/index.php?rest_route=\/wp\/v2\/types\/page"}],"author":[{"embeddable":true,"href":"https:\/\/micrisordos.org\/index.php?rest_route=\/wp\/v2\/users\/1"}],"replies":[{"embeddable":true,"href":"https:\/\/micrisordos.org\/index.php?rest_route=%2Fwp%2Fv2%2Fcomments&post=441"}],"version-history":[{"count":38,"href":"https:\/\/micrisordos.org\/index.php?rest_route=\/wp\/v2\/pages\/441\/revisions"}],"predecessor-version":[{"id":808,"href":"https:\/\/micrisordos.org\/index.php?rest_route=\/wp\/v2\/pages\/441\/revisions\/808"}],"wp:attachment":[{"href":"https:\/\/micrisordos.org\/index.php?rest_route=%2Fwp%2Fv2%2Fmedia&parent=441"}],"curies":[{"name":"wp","href":"https:\/\/api.w.org\/{rel}","templated":true}]}}